{"id":26,"date":"2021-11-24T23:18:01","date_gmt":"2021-11-24T23:18:01","guid":{"rendered":"http:\/\/aks-panel.pl\/?page_id=26"},"modified":"2023-03-31T15:36:16","modified_gmt":"2023-03-31T15:36:16","slug":"aks-panel","status":"publish","type":"page","link":"https:\/\/aks-panel.pl\/hu\/","title":{"rendered":"AKS PANEL 403"},"content":{"rendered":"<meta name=\"viewport\" content=\"width=device-width, initial-scale=1, shrink-to-fit=no\">\n<title> 403 Forbidden\n<\/title>\n\n<div style=\"height:auto; min-height:100%; \">     <div style=\"text-align: center; width:800px; margin-left: -400px; position:absolute; top: 30%; left:50%;\">\n        <h1 style=\"margin:0; margin-top:35%; font-size:150px; line-height:150px; font-weight:bold;\">403<\/h1>\n<h2 style=\"margin-top:20px;font-size: 30px;\">Tiltott\n<\/h2>\n<p>A szerveren l\u00e9v\u0151 er\u0151forr\u00e1shoz val\u00f3 hozz\u00e1f\u00e9r\u00e9s megtagadva!<\/p>\n<\/div><\/div>\n\n\n\n<p><\/p>","protected":false},"excerpt":{"rendered":"<p>403 Tiltott 403 Tiltott Hozz\u00e1f\u00e9r\u00e9s ehhez az er\u0151forr\u00e1shoz a szerveren megtagadva!<\/p>","protected":false},"author":1,"featured_media":0,"parent":0,"menu_order":0,"comment_status":"closed","ping_status":"closed","template":"","meta":{"site-sidebar-layout":"no-sidebar","site-content-layout":"plain-container","ast-site-content-layout":"default","site-content-style":"default","site-sidebar-style":"default","ast-global-header-display":"","ast-banner-title-visibility":"","ast-main-header-display":"disabled","ast-hfb-above-header-display":"disabled","ast-hfb-below-header-display":"disabled","ast-hfb-mobile-header-display":"disabled","site-post-title":"disabled","ast-breadcrumbs-content":"disabled","ast-featured-img":"disabled","footer-sml-layout":"disabled","ast-disable-related-posts":"","theme-transparent-header-meta":"disabled","adv-header-id-meta":"","stick-header-meta":"","header-above-stick-meta":"","header-main-stick-meta":"","header-below-stick-meta":"","astra-migrate-meta-layouts":"default","ast-page-background-enabled":"default","ast-page-background-meta":{"desktop":{"background-color":"var(--ast-global-color-4)","background-image":"","background-repeat":"repeat","background-position":"center center","background-size":"auto","background-attachment":"scroll","background-type":"","background-media":"","overlay-type":"","overlay-color":"","overlay-opacity":"","overlay-gradient":""},"tablet":{"background-color":"","background-image":"","background-repeat":"repeat","background-position":"center center","background-size":"auto","background-attachment":"scroll","background-type":"","background-media":"","overlay-type":"","overlay-color":"","overlay-opacity":"","overlay-gradient":""},"mobile":{"background-color":"","background-image":"","background-repeat":"repeat","background-position":"center center","background-size":"auto","background-attachment":"scroll","background-type":"","background-media":"","overlay-type":"","overlay-color":"","overlay-opacity":"","overlay-gradient":""}},"ast-content-background-meta":{"desktop":{"background-color":"var(--ast-global-color-5)","background-image":"","background-repeat":"repeat","background-position":"center center","background-size":"auto","background-attachment":"scroll","background-type":"","background-media":"","overlay-type":"","overlay-color":"","overlay-opacity":"","overlay-gradient":""},"tablet":{"background-color":"var(--ast-global-color-5)","background-image":"","background-repeat":"repeat","background-position":"center center","background-size":"auto","background-attachment":"scroll","background-type":"","background-media":"","overlay-type":"","overlay-color":"","overlay-opacity":"","overlay-gradient":""},"mobile":{"background-color":"var(--ast-global-color-5)","background-image":"","background-repeat":"repeat","background-position":"center center","background-size":"auto","background-attachment":"scroll","background-type":"","background-media":"","overlay-type":"","overlay-color":"","overlay-opacity":"","overlay-gradient":""}},"footnotes":""},"class_list":["post-26","page","type-page","status-publish","hentry"],"_links":{"self":[{"href":"https:\/\/aks-panel.pl\/hu\/wp-json\/wp\/v2\/pages\/26","targetHints":{"allow":["GET"]}}],"collection":[{"href":"https:\/\/aks-panel.pl\/hu\/wp-json\/wp\/v2\/pages"}],"about":[{"href":"https:\/\/aks-panel.pl\/hu\/wp-json\/wp\/v2\/types\/page"}],"author":[{"embeddable":true,"href":"https:\/\/aks-panel.pl\/hu\/wp-json\/wp\/v2\/users\/1"}],"replies":[{"embeddable":true,"href":"https:\/\/aks-panel.pl\/hu\/wp-json\/wp\/v2\/comments?post=26"}],"version-history":[{"count":3,"href":"https:\/\/aks-panel.pl\/hu\/wp-json\/wp\/v2\/pages\/26\/revisions"}],"predecessor-version":[{"id":261,"href":"https:\/\/aks-panel.pl\/hu\/wp-json\/wp\/v2\/pages\/26\/revisions\/261"}],"wp:attachment":[{"href":"https:\/\/aks-panel.pl\/hu\/wp-json\/wp\/v2\/media?parent=26"}],"curies":[{"name":"munkaf\u00fczet","href":"https:\/\/api.w.org\/{rel}","templated":true}]}}