{"id":246,"date":"2023-10-24T12:21:58","date_gmt":"2023-10-24T12:21:58","guid":{"rendered":"https:\/\/aks-panel.pl\/?page_id=246"},"modified":"2025-09-25T12:40:38","modified_gmt":"2025-09-25T12:40:38","slug":"informacje","status":"publish","type":"page","link":"https:\/\/aks-panel.pl\/sk\/informacje\/","title":{"rendered":"Inform\u00e1cie"},"content":{"rendered":"\n<p>Na tej stronie informacyjnej znajduj\u0105 si\u0119 najwa\u017cniejsze informacje o oferowanych przez nas wtyczkach i szablonach.<\/p>\n\n\n\n<h2 class=\"wp-block-heading has-text-align-center\">KONTAKT<\/h2>\n\n\n\n<p class=\"has-text-align-left\">W razie pyta\u0144 zapraszamy do kontaktu bezpo\u015brednio na nasz <a href=\"https:\/\/allkeystore.pl\/kontakt\/\">email<\/a>. <strong>Prosimy jednak najpierw o zapoznanie si\u0119 z informacjami przedstawionymi na tej stronie. W wi\u0119kszo\u015bci przypadk\u00f3w wyja\u015bni\u0105 wszelkie kwestie.<\/strong><\/p>\n\n\n\n<h2 class=\"wp-block-heading has-text-align-center\">AKTUALIZACJE<\/h2>\n\n\n\n<p>Je\u015bli w opisie (lub zak\u0142adce 'Aktualizacje&#8217;) nie ma informacji \u017ce aktualizacje dla produktu nie s\u0105 dost\u0119pne lub mog\u0105 by\u0107 op\u00f3\u017anione, mo\u017cna b\u0119dzie pobra\u0107 w przysz\u0142o\u015bci dla niego nowe wersje. <br><br>Produkty mo\u017cna zaktualizowa\u0107 poprzez ponowne pobranie plik\u00f3w z nowsz\u0105 wersj\u0105 za pomoc\u0105 indywidualnych link\u00f3w&nbsp;<em>(zaczynaj\u0105cych si\u0119 od http:\/\/p.allkeystore.pl)<\/em>&nbsp;i przeinstalowanie ich (zaktualizowanie z pliku) w panelu WP, przez aktualizacj\u0119 plik\u00f3w na FTP lub za pomoc\u0105 skryptu. Linki te nie zmieni\u0105 si\u0119, i pod nimi b\u0119d\u0105 pojawia\u0107 si\u0119 nowe wersje plik\u00f3w w przysz\u0142o\u015bci.&nbsp;<br><br><strong>W przypadku zakup\u00f3w bezpo\u015brednio w naszym sklepie linki nie s\u0105 generowane i wysy\u0142ane.<\/strong> Dodatki mo\u017cna pobiera\u0107 bezpo\u015brednio na stronach produkt\u00f3w klikaj\u0105c przyciski.<\/p>\n\n\n\n<h4 class=\"wp-block-heading\">Sprawdzenie czy jest ju\u017c nowa wersja produktu<\/h4>\n\n\n\n<p>Zanim pobierzesz produkt ponownie sprawd\u017a czy nowa wersja jest ju\u017c dost\u0119pna do pobrania. S\u0142u\u017c\u0105 do tego panele poni\u017cej oddzielnie dla wtyczek i szablon\u00f3w. Aktualizacje s\u0105 zazwyczaj dost\u0119pne w ci\u0105gu 2-5 dni od pojawienia si\u0119 ich u dewelopera. W niekt\u00f3rych przypadkach czas oczekiwania mo\u017ce by\u0107 d\u0142u\u017cszy. Gdyby aktualizacja nie by\u0142a dost\u0119pna przez d\u0142u\u017cszy czas to prosimy o kontakt \u2013 postaramy si\u0119 zaktualizowa\u0107 produkt r\u0119cznie.&nbsp;<\/p>\n\n\n\n<p>Panel dla wtyczek:&nbsp;<a href=\"https:\/\/aks-panel.pl\/wersje-wtyczek\/\">https:\/\/aks-panel.pl\/wersje-wtyczek\/<\/a><\/p>\n\n\n\n<p>Panel dla szablon\u00f3w:&nbsp;<a href=\"https:\/\/aks-panel.pl\/wersje-szablonow\/\">https:\/\/aks-panel.pl\/wersje-szablonow\/<\/a><\/p>\n\n\n\n<p><strong>UWAGA!<\/strong>&nbsp;Je\u015bli pobiera si\u0119 starsza wersja ni\u017c ta kt\u00f3r\u0105 wida\u0107 na powy\u017cszych stronach, mo\u017ce to oznacza\u0107 \u017ce pliki by\u0142y przed chwil\u0105 aktualizowane, i pobiera si\u0119 z cache przegl\u0105darki poprzedni plik. Prosimy w takim przypadku u\u017cy\u0107 trybu incognito lub pobra\u0107 plik z innej przegl\u0105darki. Je\u015bli nadal pobiera si\u0119 niew\u0142a\u015bciwa wersja \u2013 prosimy o kontakt.&nbsp;<\/p>\n\n\n\n<p><strong>Dla wi\u0119kszo\u015bci dodatk\u00f3w aktualne wersje mo\u017cna sprawdza\u0107 te\u017c na stronach produkt\u00f3w w naszym sklepie gdzie podana na g\u00f3rze jest ich aktualna wersja u nas.<\/strong><\/p>\n\n\n\n<h4 class=\"wp-block-heading\">Aktualizacja poprzez skrypt<\/h4>\n\n\n\n<p>Aktualizacja wtyczek i szablon\u00f3w poprzez skrypt jest jedn\u0105 z najszybszych metod na aktualizowanie nawet wielu wtyczek i szablon\u00f3w jednym klikni\u0119ciem. Wymaga jedynie dost\u0119pu do SSH i kr\u00f3tkiej jednorazowej konfiguracji dla strony. Opis konfiguracji i skrypt do pobrania jest w artykule poni\u017cej:<\/p>\n\n\n\n<p><a href=\"https:\/\/allkeystore.pl\/aktualizacja-wtyczek-i-szablonow-wordpress-za-pomoca-skryptu-i-ssh\/\">https:\/\/allkeystore.pl\/aktualizacja-wtyczek-i-szablonow-wordpress-za-pomoca-skryptu-i-ssh\/<\/a><\/p>\n\n\n\n<h4 class=\"wp-block-heading\">Aktualizacja poprzez panel WP&nbsp;<\/h4>\n\n\n\n<p>Wtyczk\u0119 instalujemy tak jak by\u015bmy instalowali j\u0105 pierwszy raz, przy czym poka\u017ce si\u0119 komunikat \u017ce katalog wtyczki ju\u017c istnieje, i klikamy na dole przycisk \u201eZast\u0105p obecnie wys\u0142anym\u201d. Pojawi si\u0119 r\u00f3wnie\u017c informacja o wersji wtyczki instalowanej i ju\u017c zainstalowanej \u2013 prosimy o sprawdzanie czy instalowana wersja jest na pewno nowsza od zainstalowanej.&nbsp;Analogicznie wygl\u0105da to w przypadku szablon\u00f3w. W tym przypadku pliki instaluje si\u0119 w panelu szablon\u00f3w WP a nie wtyczek.<\/p>\n\n\n\n<h4 class=\"wp-block-heading\">R\u0119czna aktualizacja przez FTP<\/h4>\n\n\n\n<p>Wtyczki i szablony mo\u017cna aktualizowa\u0107 r\u00f3wnie\u017c poprzez rozpakowanie archiwum z now\u0105 wersj\u0105 produktu i przeniesienie go przez ftp do katalogu wtyczek lub szablon\u00f3w. Ustawienia zostan\u0105 zachowane poniewa\u017c s\u0105 zapisane w bazie danych i nie s\u0105 kasowane podczas kasowania plik\u00f3w.&nbsp;Najlepiej u\u017cy\u0107 do tego darmowego programu FileZilla<\/p>\n\n\n\n<p>Samouczek jak skonfigurowa\u0107 FileZilla znajduje si\u0119 tutaj:<\/p>\n\n\n\n<p><a href=\"https:\/\/allkeystore.pl\/jak-skonfigurowac-filezille\/\">https:\/\/allkeystore.pl\/jak-skonfigurowac-filezille\/<\/a><\/p>\n\n\n\n<p>Opis r\u0119cznej aktualizacji na podstawie wtyczki mo\u017cna znale\u017a\u0107 tutaj:&nbsp;<\/p>\n\n\n\n<p><a href=\"https:\/\/allkeystore.pl\/jak-recznie-aktualizowac-wtyczki-i-szablony-wordpress-przez-ftp\/\">https:\/\/allkeystore.pl\/jak-recznie-aktualizowac-wtyczki-i-szablony-wordpress-przez-ftp\/<\/a><\/p>\n\n\n\n<h2 class=\"wp-block-heading has-text-align-center\">DODATKOWE PLIKI&nbsp;<\/h2>\n\n\n\n<p>Je\u015bli produkt ma w opisie oferty informacj\u0119 \u201eDla szablonu \/ wtyczki dost\u0119pne s\u0105 dodatkowe pliki do pobrania\u201d , mo\u017cemy pobra\u0107 dla niego dodatkowe pliki. Mog\u0105 tam znajdowa\u0107 si\u0119 r\u00f3wnie\u017c niezb\u0119dne wtyczki do np. dzia\u0142ania szablonu, wi\u0119c w przypadku braku jaki\u015b dodatk\u00f3w tam nale\u017cy ich szuka\u0107 w pierwszej kolejno\u015bci. W celu pobrania dodatkowych plik\u00f3w, nale\u017cy przej\u015b\u0107 do poni\u017cszych stron, oddzielnych dla wtyczek i szablonu, i po nazwie wyszuka\u0107 nasz produkt za pomoc\u0105 wyszukiwania w przegl\u0105darce (pod Windows skr\u00f3t Ctrl + F). Nale\u017cy wpisa\u0107 jedno s\u0142owo ma\u0142ymi literami z nazw\u0105 produktu. Po pobraniu archiwum, nale\u017c je rozpakowa\u0107.<\/p>\n\n\n\n<p>Dla szablon\u00f3w:&nbsp;<a rel=\"noreferrer noopener\" href=\"https:\/\/dane.aks-panel.pl\/pliki\/szablony\/\" target=\"_blank\">https:\/\/dane.aks-panel.pl\/pliki\/szablony\/<\/a><\/p>\n\n\n\n<p>Dla wtyczek:&nbsp;<a href=\"https:\/\/dane.aks-panel.pl\/pliki\/wtyczki\/\">https:\/\/dane.aks-panel.pl\/pliki\/wtyczki\/<\/a>&nbsp;<\/p>\n\n\n\n<h2 class=\"wp-block-heading has-text-align-center\">PE\u0141NA OFERTA&nbsp;<\/h2>\n\n\n\n<p>Listy dost\u0119pnych wtyczek i szablon\u00f3w znajduj\u0105 si\u0119 poni\u017cej.&nbsp;<br><br><strong><span style=\"text-decoration: underline;\">Gdyby produktu nie by\u0142o na listach poni\u017cej prosimy o kontakt&nbsp;\u2013 lista produkt\u00f3w nie jest aktualizowana i sporo z nich nie zosta\u0142o dodanych.<\/span><\/strong> W przypadku zainteresowania produktem wystawimy ofert\u0119.&nbsp;<\/p>\n\n\n\n<p>Dla szablon\u00f3w:&nbsp;<a rel=\"noreferrer noopener\" href=\"https:\/\/allkeystore.pl\/oferta\/szablony.pdf\" target=\"_blank\">https:\/\/allkeystore.pl\/oferta\/szablony.pdf<\/a><\/p>\n\n\n\n<p>Dla wtyczek:&nbsp;<a rel=\"noreferrer noopener\" href=\"https:\/\/allkeystore.pl\/oferta\/wtyczki.pdf\" target=\"_blank\">https:\/\/allkeystore.pl\/oferta\/wtyczki.pdf<\/a>&nbsp;<\/p>\n\n\n\n<h2 class=\"wp-block-heading has-text-align-center\">FAQ&nbsp;&nbsp;<\/h2>\n\n\n\n<div class=\"wp-block-pb-accordion-item c-accordion__item js-accordion-item no-js\" data-initially-open=\"false\" data-click-to-close=\"true\" data-auto-close=\"true\" data-scroll=\"false\" data-scroll-offset=\"0\"><h6 id=\"at-2460\" class=\"c-accordion__title js-accordion-controller\" role=\"button\"><strong>Jak wy\u0142\u0105czy\u0107 powiadomienia o aktualizacjach i aktywacji ?<\/strong>&nbsp;<\/h6><div id=\"ac-2460\" class=\"c-accordion__content\">\n<p>Mo\u017cna to zrobi\u0107 za pomoc\u0105 dw\u00f3ch darmowych wtyczek, pierwsz\u0105 kt\u00f3r\u0105 warto zainstalowa\u0107 jest \u201eDisable Admin Notices\u201d&nbsp;<\/p>\n\n\n\n<p><a href=\"http:\/\/p.allkeystore.pl\/disableadminnotices\" target=\"_blank\" rel=\"noreferrer noopener\">https:\/\/p.allkeystore.pl\/disableadminnotices<\/a>&nbsp;<\/p>\n\n\n\n<p>Pozwala ona ukry\u0107 niepotrzebne powiadomienia indywidualnie.&nbsp;Po jej instalacji na komunikacie pojawi si\u0119 przycisk w prawym dolnym rogu:&nbsp;\u201e[Hide notification forever]\u201d. Po jego klikni\u0119ciu komunikat nie pojawi si\u0119 wi\u0119cej.&nbsp;<\/p>\n\n\n\n<p>Druga wtyczka to \u201eToogle Admin Notices\u201d kt\u00f3ra pozwala wy\u0142\u0105cza\u0107 i w\u0142\u0105cza\u0107 wszelkie powiadomienia o aktualizacjach i aktywacjach jednym klikni\u0119ciem, jak i pozosta\u0142e komunikaty. Po instalacji na g\u00f3rnym pasku (menu) na stronie panelu admina WordPress pojawia si\u0119 napis \u201eToogle Admin Notices\u201d kt\u00f3ry ukrywa i pokazuje wszystkie powiadomienia po klikni\u0119ciu na niego.&nbsp;<\/p>\n\n\n\n<p><a href=\"http:\/\/p.allkeystore.pl\/toggleadminnotices\">https:\/\/p.allkeystore.pl\/toggleadminnotices<\/a>&nbsp;<br><br>Zalecamy korzystanie z obu wtyczek jednocze\u015bnie&nbsp;<\/p>\n<\/div><\/div>\n\n\n\n<div class=\"wp-block-pb-accordion-item c-accordion__item js-accordion-item no-js\" data-initially-open=\"false\" data-click-to-close=\"true\" data-auto-close=\"true\" data-scroll=\"false\" data-scroll-offset=\"0\"><h6 id=\"at-2461\" class=\"c-accordion__title js-accordion-controller\" role=\"button\"><strong>Dlaczego produkt prosi o klucz produktu do aktualizacji?<\/strong>&nbsp;<\/h6><div id=\"ac-2461\" class=\"c-accordion__content\">\n<p>Prosimy o zignorowanie tej informacji. Wszystkie oferowane wtyczki oraz szablony dla WordPress s\u0105 na licencji GPL. Produkty te najcz\u0119\u015bciej maj\u0105 pe\u0142n\u0105 funkcjonalno\u015b\u0107 i dzia\u0142aj\u0105 bezterminowo. W przypadku niekt\u00f3rych producent\u00f3w oferuj\u0105 oni dodatkowo p\u0142atn\u0105 pomoc techniczn\u0105 i mo\u017cliwo\u015b\u0107 automatycznych aktualizacji oraz \u0142\u0105czenia si\u0119 z chmur\u0105 w celu pobrania dodatkowych element\u00f3w. Klucz jest wymagany wy\u0142\u0105cznie do aktywacji tych funkcji. Najcz\u0119\u015bciej oferowane s\u0105 tylko wersje z mo\u017cliwo\u015bci\u0105 wprowadzenia takiego klucza aby zach\u0119ci\u0107 kupuj\u0105cych do zakupu dro\u017cszej wersji, st\u0105d powiadomienia o konieczno\u015bci aktywacji.&nbsp;Mo\u017cna wy\u0142\u0105czy\u0107 te komunikaty za pomoc\u0105 wtyczek opisany powy\u017cej.<\/p>\n<\/div><\/div>\n\n\n\n<div class=\"wp-block-pb-accordion-item c-accordion__item js-accordion-item no-js\" data-initially-open=\"false\" data-click-to-close=\"true\" data-auto-close=\"true\" data-scroll=\"false\" data-scroll-offset=\"0\"><h6 id=\"at-2462\" class=\"c-accordion__title js-accordion-controller\" role=\"button\"><strong>Jak mog\u0119 otrzyma\u0107 klucz do automatycznych aktualizacji i pomocy technicznej?<\/strong>&nbsp;<\/h6><div id=\"ac-2462\" class=\"c-accordion__content\">\n<p>Pomoc techniczna jest dost\u0119pna tylko w przypadku licencji z kluczem zakupionej bezpo\u015brednio od dewelopera przez jego oficjalne kana\u0142y sprzeda\u017cy. W wi\u0119kszo\u015bci przypadk\u00f3w nie oferuj\u0105 oni do dalszej odsprzeda\u017cy kluczy do automatycznych aktualizacji i pomocy technicznej dlatego takich nie oferujemy.<\/p>\n<\/div><\/div>\n\n\n\n<div class=\"wp-block-pb-accordion-item c-accordion__item js-accordion-item no-js\" data-initially-open=\"false\" data-click-to-close=\"true\" data-auto-close=\"true\" data-scroll=\"false\" data-scroll-offset=\"0\"><h6 id=\"at-2463\" class=\"c-accordion__title js-accordion-controller\" role=\"button\"><strong>Dlaczego te produkty s\u0105 takie tanie?<\/strong>&nbsp;<\/h6><div id=\"ac-2463\" class=\"c-accordion__content\">\n<p>Produkty te nie oferuj\u0105 automatycznych aktualizacji jak i licencja nie zawiera pomocy technicznej, a w niekt\u00f3rych przypadkach tak\u017ce pobierania element\u00f3w z chmury nie jest mo\u017cliwe co mo\u017ce by\u0107 najbardziej warto\u015bciowymi&nbsp;funkcjonalno\u015bciami, st\u0105d oferowana cena za produkty jest znacznie ni\u017csza.&nbsp;<\/p>\n<\/div><\/div>\n\n\n\n<div class=\"wp-block-pb-accordion-item c-accordion__item js-accordion-item no-js\" data-initially-open=\"false\" data-click-to-close=\"true\" data-auto-close=\"true\" data-scroll=\"false\" data-scroll-offset=\"0\"><h6 id=\"at-2464\" class=\"c-accordion__title js-accordion-controller\" role=\"button\"><strong>Jak aktywowa\u0107 wtyczki od Gravity Forms?<\/strong>&nbsp;<\/h6><div id=\"ac-2464\" class=\"c-accordion__content\">\n<p>Instrukcja aktywacji:&nbsp;<a href=\"https:\/\/p.allkeystore.pl\/gravity\">https:\/\/p.allkeystore.pl\/gravity<\/a><\/p>\n<\/div><\/div>\n\n\n\n<div class=\"wp-block-pb-accordion-item c-accordion__item js-accordion-item no-js\" data-initially-open=\"false\" data-click-to-close=\"true\" data-auto-close=\"true\" data-scroll=\"false\" data-scroll-offset=\"0\"><h6 id=\"at-2465\" class=\"c-accordion__title js-accordion-controller\" role=\"button\"><strong>Wtyczka lub szablon powoduje b\u0142\u0105d na mojej stronie, co zrobi\u0107?<\/strong>&nbsp;<\/h6><div id=\"ac-2465\" class=\"c-accordion__content\">\n<p>1) Cz\u0119\u015b\u0107 wtyczek i szablon\u00f3w ma funckj\u0119 kt\u00f3ra sprawdza parametry hostingu i ustawie\u0144 WP czy s\u0105 odpowienie. Informacja czy taka funkcja jest dost\u0119pna, znajduje si\u0119 w dokumentacji. Je\u015bli wymagania nie s\u0105 spe\u0142nione, nale\u017cy naprawi\u0107 to przed rozpocz\u0119ciem kolejnych krok\u00f3w.&nbsp;&nbsp;<\/p>\n\n\n\n<p>2) Wi\u0119kszo\u015b\u0107 wtyczek i szablon\u00f3w nie dzia\u0142a dobrze na najnowszym PHP, prosz\u0119 zmieni\u0107 wersj\u0119 na serwerze na 7.4 kt\u00f3ra jest wersj\u0105 stabiln\u0105 i spr\u00f3bowa\u0107 ponownie.&nbsp;<\/p>\n\n\n\n<p>3) Czasem wtyczki powoduj\u0105 b\u0142\u0119dy wchodz\u0105c z czym\u015b w konflikt co jest zainstalowane na stronie, najcz\u0119\u015bciej s\u0105 to inne wtyczki kt\u00f3re s\u0105 aktywne. Mo\u017cna to naprawi\u0107 poprzez wy\u0142\u0105czenie wtyczki kt\u00f3ra powoduje konflikt, lub poczeka\u0107 na rozwi\u0105zanie problemu w nast\u0119pnej aktualizacji wtyczki je\u015bli taka jest planowana.&nbsp;Aby sprawdzi\u0107 co powoduje problem nale\u017cy zrobi\u0107 kopi\u0119 zapasow\u0105 strony i bazy danych, i wy\u0142\u0105czy\u0107 wszystkie inne wtyczki na chwil\u0119 oraz w\u0142\u0105czy\u0107 domy\u015blny szablon WordPress, i zostawi\u0107 tylko wtyczk\u0119 kt\u00f3ra spowodowa\u0142a b\u0142\u0105d. Je\u015bli to pomo\u017ce trzeba w\u0142\u0105cza\u0107 pozosta\u0142e wtyczki po kolei i sprawdza\u0107 czy strona nadal dzia\u0142a by znale\u017a\u0107 wtyczk\u0119 z kt\u00f3r\u0105 powstaje konflikt.<\/p>\n\n\n\n<p>4) Prosz\u0119 spr\u00f3bowa\u0107 zainstalowa\u0107 j\u0105 na zupe\u0142nie nowej instalacji WordPress aby wykluczy\u0107 inne \u017ar\u00f3d\u0142a problemu. W ostateczno\u015bci mo\u017cna te\u017c spr\u00f3bowa\u0107 na innym hostingu na nowej instalacji aby wykluczy\u0107 r\u00f3wnie\u017c hosting jako \u017ar\u00f3d\u0142o problemu. Je\u015bli nie mamy innego hostingu, mo\u017cna skorzysta\u0107 z darmowego lokalnego serwera WAMP:&nbsp;<a href=\"https:\/\/www.fredericgilles.net\/migrate-wordpress-local-windows-server\/&nbsp;&nbsp;\">https:\/\/www.fredericgilles.net\/migrate-wordpress-local-windows-server\/&nbsp;&nbsp;<\/a><\/p>\n\n\n\n<p>5) Mo\u017cna spr\u00f3bowa\u0107 poszuka\u0107 informacji o b\u0142\u0119dzie w internecie. Czasem zdarza si\u0119 \u017ce nowa aktualizacja jest wadliwa, dosy\u0107 cz\u0119sto si\u0119 to dzieje gdy jest nowa aktualizacja WordPress albo Woocommerce i wiele wtyczek przestaje by\u0107 kompatybilnych i deweloperzy dopiero poprawiaj\u0105 b\u0142\u0119dy. Mo\u017cna wtedy zrobi\u0107 downgrade WordPress i Woocommerce je\u015bli r\u00f3wnie\u017c go mamy do starszej stabilnej wersji i poczeka\u0107 na aktualizacje wtyczek.&nbsp;<\/p>\n<\/div><\/div>\n\n\n\n<div class=\"wp-block-pb-accordion-item c-accordion__item js-accordion-item no-js\" data-initially-open=\"false\" data-click-to-close=\"true\" data-auto-close=\"true\" data-scroll=\"false\" data-scroll-offset=\"0\"><h6 id=\"at-2466\" class=\"c-accordion__title js-accordion-controller\" role=\"button\"><strong>Problem z wgraniem pliku zip wtyczki lub szablonu?&nbsp;B\u0142\u0119dy typu &#8222;Connection timed out&#8221;<\/strong><\/h6><div id=\"ac-2466\" class=\"c-accordion__content\">\n<p>Niekt\u00f3re wtyczki i szablony mog\u0105 by\u0107 zbyt du\u017ce aby da\u0142o si\u0119 zrobi\u0107 ich upload poprzed panel wtyczek lub szablon\u00f3w WP w celu ich instalacji lub aktualizacji. W takim przypadku zawsze mo\u017cna zaktualizowa\u0107 lub zainstlowa\u0107 pliki przez FTP. W celu instalacji w WP je\u015bli mamy b\u0142\u0105d, najcze\u015bciej pomaga zmiana lud dodanie poni\u017cszych parametr\u00f3w PHP w pliku&nbsp;.htaccess znajduj\u0105cym w katalogu g\u0142\u00f3wnym strony. Kod ten nale\u017cy doda\u0107 na pocz\u0105tku pliku.&nbsp;<\/p>\n\n\n\n<p><code>php_value\u00a0max_execution_time = 3000<br>php_value\u00a0max_input_vars = 6000<br>php_value\u00a0memory_limit = 8192M<br>php_value\u00a0post_max_size = 8192M<br>php_value upload_max_filesize = 2048M<\/code><\/p>\n<\/div><\/div>\n\n\n\n<div class=\"wp-block-pb-accordion-item c-accordion__item js-accordion-item no-js\" data-initially-open=\"false\" data-click-to-close=\"true\" data-auto-close=\"true\" data-scroll=\"false\" data-scroll-offset=\"0\"><h6 id=\"at-2467\" class=\"c-accordion__title js-accordion-controller\" role=\"button\"><strong>Jak wy\u0142\u0105czy\u0107 powiadomienia PHP i debugowanie?<\/strong><\/h6><div id=\"ac-2467\" class=\"c-accordion__content\">\n<p>Cz\u0119sto PHP pokazuje ostrze\u017cenia (Warning i Notice) kt\u00f3re nie s\u0105 b\u0142\u0119dami. Dodatkowo mo\u017ce by\u0107 w\u0142\u0105czone debugowanie, kt\u00f3re powinno by\u0107 wy\u0142\u0105czone domy\u015blnie kiedy nie szukamy jakiego\u015b problemu na stronie. W tym celu w pliku wp-config.php znajduj\u0105cym si\u0119 w g\u0142\u00f3wnym katalogu WP nale\u017cy znale\u017a\u0107 fragment kodu (je\u015bli istnieje, je\u015bli nie istnieje to nale\u017cy doda\u0107 4 linie kolejne tylko w dowolnym miejscu):<\/p>\n\n\n\n<p><code><code>define('WP_DEBUG', true);<\/code><\/code><\/p>\n\n\n\n<p>i zmieni\u0107 na<\/p>\n\n\n\n<p><code>define('WP_DEBUG', false);<br>define('WP_DEBUG_LOG', false);<br>define('WP_DEBUG_DISPLAY', false);<br>@ini_set('display_errors', 0);<\/code><\/p>\n<\/div><\/div>\n\n\n\n<div class=\"wp-block-pb-accordion-item c-accordion__item js-accordion-item no-js\" data-initially-open=\"false\" data-click-to-close=\"true\" data-auto-close=\"true\" data-scroll=\"false\" data-scroll-offset=\"0\"><h6 id=\"at-2468\" class=\"c-accordion__title js-accordion-controller\" role=\"button\"><strong>B\u0142\u0105d typu: The Link You Followed Has Expired \/ Wybrany odno\u015bnik jest nieaktualny&nbsp;<\/strong><\/h6><div id=\"ac-2468\" class=\"c-accordion__content\">\n<p>Problem ten nie ma zwi\u0105zku z oferowanymi przez nas plikami, a z konfiguracj\u0105 Pa\u0144stwa serwera \/ strony. Poni\u017cej s\u0105 przyk\u0142adowe informacje mog\u0105ce pom\u00f3c rozwi\u0105za\u0107 ten problem. W obu przypadkach dotyczy to wtyczek jak i szablon\u00f3w&nbsp;<\/p>\n\n\n\n<p>PL:&nbsp;<a href=\"https:\/\/kamilrzeznik.pl\/wybrany-odnosnik-jest-nieaktualny-prosze-sprobowac-ponownie\/\">https:\/\/kamilrzeznik.pl\/wybrany-odnosnik-jest-nieaktualny-prosze-sprobowac-ponownie\/<\/a><\/p>\n\n\n\n<p>EN:&nbsp;<a href=\"https:\/\/www.wpkube.com\/how-to-fix-the-link-you-followed-has-expired-error-in-wordpress\/\">https:\/\/www.wpkube.com\/how-to-fix-the-link-you-followed-has-expired-error-in-wordpress\/<\/a><\/p>\n<\/div><\/div>\n\n\n\n<div style=\"height:100px\" aria-hidden=\"true\" class=\"wp-block-spacer\"><\/div>\n","protected":false},"excerpt":{"rendered":"<p>Na tej stronie informacyjnej znajduj\u0105 si\u0119 najwa\u017cniejsze informacje o oferowanych przez nas wtyczkach i szablonach. KONTAKT W razie pyta\u0144 zapraszamy do kontaktu bezpo\u015brednio na nasz email. Prosimy jednak najpierw o zapoznanie si\u0119 z informacjami przedstawionymi na tej stronie. W wi\u0119kszo\u015bci przypadk\u00f3w wyja\u015bni\u0105 wszelkie kwestie. AKTUALIZACJE Je\u015bli w opisie (lub zak\u0142adce 'Aktualizacje&#8217;) nie ma informacji \u017ce [&hellip;]<\/p>\n","protected":false},"author":1,"featured_media":0,"parent":0,"menu_order":0,"comment_status":"closed","ping_status":"closed","template":"","meta":{"site-sidebar-layout":"no-sidebar","site-content-layout":"","ast-site-content-layout":"narrow-width-container","site-content-style":"boxed","site-sidebar-style":"default","ast-global-header-display":"disabled","ast-banner-title-visibility":"disabled","ast-main-header-display":"","ast-hfb-above-header-display":"","ast-hfb-below-header-display":"","ast-hfb-mobile-header-display":"","site-post-title":"","ast-breadcrumbs-content":"","ast-featured-img":"","footer-sml-layout":"disabled","ast-disable-related-posts":"","theme-transparent-header-meta":"","adv-header-id-meta":"","stick-header-meta":"","header-above-stick-meta":"","header-main-stick-meta":"","header-below-stick-meta":"","astra-migrate-meta-layouts":"set","ast-page-background-enabled":"default","ast-page-background-meta":{"desktop":{"background-color":"var(--ast-global-color-4)","background-image":"","background-repeat":"repeat","background-position":"center center","background-size":"auto","background-attachment":"scroll","background-type":"","background-media":"","overlay-type":"","overlay-color":"","overlay-opacity":"","overlay-gradient":""},"tablet":{"background-color":"","background-image":"","background-repeat":"repeat","background-position":"center center","background-size":"auto","background-attachment":"scroll","background-type":"","background-media":"","overlay-type":"","overlay-color":"","overlay-opacity":"","overlay-gradient":""},"mobile":{"background-color":"","background-image":"","background-repeat":"repeat","background-position":"center center","background-size":"auto","background-attachment":"scroll","background-type":"","background-media":"","overlay-type":"","overlay-color":"","overlay-opacity":"","overlay-gradient":""}},"ast-content-background-meta":{"desktop":{"background-color":"var(--ast-global-color-5)","background-image":"","background-repeat":"repeat","background-position":"center center","background-size":"auto","background-attachment":"scroll","background-type":"","background-media":"","overlay-type":"","overlay-color":"","overlay-opacity":"","overlay-gradient":""},"tablet":{"background-color":"var(--ast-global-color-5)","background-image":"","background-repeat":"repeat","background-position":"center center","background-size":"auto","background-attachment":"scroll","background-type":"","background-media":"","overlay-type":"","overlay-color":"","overlay-opacity":"","overlay-gradient":""},"mobile":{"background-color":"var(--ast-global-color-5)","background-image":"","background-repeat":"repeat","background-position":"center center","background-size":"auto","background-attachment":"scroll","background-type":"","background-media":"","overlay-type":"","overlay-color":"","overlay-opacity":"","overlay-gradient":""}},"footnotes":""},"class_list":["post-246","page","type-page","status-publish","hentry"],"_links":{"self":[{"href":"https:\/\/aks-panel.pl\/sk\/wp-json\/wp\/v2\/pages\/246","targetHints":{"allow":["GET"]}}],"collection":[{"href":"https:\/\/aks-panel.pl\/sk\/wp-json\/wp\/v2\/pages"}],"about":[{"href":"https:\/\/aks-panel.pl\/sk\/wp-json\/wp\/v2\/types\/page"}],"author":[{"embeddable":true,"href":"https:\/\/aks-panel.pl\/sk\/wp-json\/wp\/v2\/users\/1"}],"replies":[{"embeddable":true,"href":"https:\/\/aks-panel.pl\/sk\/wp-json\/wp\/v2\/comments?post=246"}],"version-history":[{"count":11,"href":"https:\/\/aks-panel.pl\/sk\/wp-json\/wp\/v2\/pages\/246\/revisions"}],"predecessor-version":[{"id":344,"href":"https:\/\/aks-panel.pl\/sk\/wp-json\/wp\/v2\/pages\/246\/revisions\/344"}],"wp:attachment":[{"href":"https:\/\/aks-panel.pl\/sk\/wp-json\/wp\/v2\/media?parent=246"}],"curies":[{"name":"pracovn\u00fd list","href":"https:\/\/api.w.org\/{rel}","templated":true}]}}